{"id":63,"date":"2025-12-19T06:26:07","date_gmt":"2025-12-19T05:26:07","guid":{"rendered":"https:\/\/filoma.si\/home\/"},"modified":"2026-02-22T16:25:01","modified_gmt":"2026-02-22T15:25:01","slug":"home","status":"publish","type":"page","link":"https:\/\/filoma.si\/","title":{"rendered":"Filoma, za \u017eivljenje s fibromialgijo"},"content":{"rendered":"\n\n\n\n<h1>skupaj delamo velike spremembe<\/h1>\n\n\n<h4>DRU\u0160TVO FILOMA NUDI POMO\u010c PRI FIBROMIALGIJI,\u00a0<br \/>PODPORO BOLNIKOM IN OZAVE\u0160\u010cANJE O BOLEZNI V SLOVENIJI.\u00a0<br \/>PRIDRU\u017dITE SE SKUPNOSTI<\/h4>\n\n\n\n\n\n\n<h1>skupaj delamo velike spremembe<\/h1>\n\n\n<h1 style=\"font-style: normal; font-variant-caps: normal; font-family: Arial; letter-spacing: 1px; font-size: 15px !important; font-weight: 700 !important;\">DRU\u0160TVO FILOMA NUDI POMO\u010c PRI FIBROMIALGIJI, PODPORO BOLNIKOM IN OZAVE\u0160\u010cANJE O BOLEZNI V SLOVENIJI. PRIDRU\u017dITE SE SKUPNOSTI<\/h1>\n\n\n\n\n\n\n<p>Delovanje Filome zajema projekte za ozave\u0161\u010danje javnosti o fibromialgiji, zmanj\u0161evanje predsodkov ter \u0161irjenje razumevanja te nevidne kroni\u010dne bolezni s poljudnimi, strokovno podprtimi vsebinami.\u00a0<\/p>\n<p>Hkrati nudi \u010dustveno in informacijsko podporo bolnicam in bolnikom, njihovim svojcem ter spodbuja samopomo\u010d, vsakodnevne prilagoditve in razumevanje na delovnem mestu.<\/p>\n<p>&nbsp;<\/p>\n<p>Pomemben del delovanja je tudi gradnja varne skupnosti, ki povezuje ljudi s podobnimi izku\u0161njami ter krepi ob\u010dutek sli\u0161anosti, podpore in pripadnosti.<\/p>\n\n\n\n\n<p style=\"text-align: justify;\">Fibromialgija je kroni\u010dna bolezenska motnja, za katero so zna\u010dilne raz\u0161irjene bole\u010dine po telesu, pove\u010dana ob\u010dutljivost na dotik, izrazita utrujenost, motnje spanja ter kognitivne te\u017eave. Gre za t. i. nevidno bolezen, saj ve\u010dina standardnih medicinskih preiskav ne poka\u017ee odstopanj, kljub temu pa so te\u017eave resni\u010dne in pogosto zelo omejujo\u010de.\u00a0<\/p>\n<p style=\"text-align: justify;\">\u00a0<\/p>\n<p style=\"text-align: justify;\">Fibromialgija ni vnetna ali degenerativna bolezen mi\u0161ic ali sklepov. Danes jo razumemo kot motnjo v delovanju \u017eiv\u010dnega sistema, pri kateri pride do spremenjene obdelave bole\u010dine v mo\u017eganih in hrbtenja\u010di. Zaradi tega telo bole\u010dino zaznava mo\u010dnej\u0161e in dolgotrajnej\u0161e, tudi ob dra\u017eljajih, ki obi\u010dajno niso bole\u010di.<\/p>\n\n\n\n\n<p style=\"text-align: justify;\">Delovanje Filome zajema projekte za ozave\u0161\u010danje javnosti o fibromialgiji, zmanj\u0161evanje predsodkov ter \u0161irjenje razumevanja te nevidne kroni\u010dne bolezni s poljudnimi, strokovno podprtimi vsebinami.<\/p>\n<p style=\"text-align: justify;\">\u00a0<\/p>\n<p style=\"text-align: justify;\">Hkrati nudi \u010dustveno in informacijsko podporo bolnicam in bolnikom, njihovim svojcem ter spodbuja samopomo\u010d, vsakodnevne prilagoditve in razumevanje na delovnem mestu.\u00a0<\/p>\n<p style=\"text-align: justify;\">\u00a0<\/p>\n<p style=\"text-align: justify;\">Pomemben del delovanja je tudi gradnja varne skupnosti, ki povezuje ljudi s podobnimi izku\u0161njami ter krepi ob\u010dutek sli\u0161anosti, podpore in pripadnosti.<\/p>\n\n\n\n\n\n\n\n\n\n<h2>najnovej\u0161e<\/h2>\n\n\n\n\n\n\n\n\n\n\n\n<div class=\"filoma-most-read\"><h2>Najbolj brano<\/h2><ul><li><span class=\"filoma-rank\">1<\/span><a href=\"https:\/\/filoma.si\/fibromialgija-in-otroci-v-druzini\/\">Otroci in fibromialgija v dru\u017eini \u2013 kako razlo\u017eiti bolezen in ohraniti varnost<\/a><\/li><li><span class=\"filoma-rank\">2<\/span><a href=\"https:\/\/filoma.si\/laserska-akupunktura-pri-fibromialgiji-sodoben-pristop-k-lajsanju-bolecin\/\">Laserska akupunktura pri fibromialgiji \u2013 sodoben pristop k laj\u0161anju bole\u010din<\/a><\/li><li><span class=\"filoma-rank\">3<\/span><a href=\"https:\/\/filoma.si\/fibromialgija-prvi-znaki-preobremenitve-in-kako-jih-prepoznati\/\">Fibromialgija: prvi znaki preobremenitve in kako jih prepoznati<\/a><\/li><\/ul><\/div>\n\n\n\n    <div id=\"filoma-btt-wrapper\">\n        <a href=\"#\" id=\"filoma-back-to-top\" aria-label=\"Nazaj na vrh\">\n            <svg viewBox=\"0 0 24 24\" width=\"26\" height=\"26\" fill=\"none\" stroke=\"currentColor\" stroke-width=\"3\" stroke-linecap=\"round\" stroke-linejoin=\"round\">\n                <polyline points=\"18 15 12 9 6 15\"><\/polyline>\n            <\/svg>\n        <\/a>\n    <\/div>","protected":false},"excerpt":{"rendered":"","protected":false},"author":1,"featured_media":0,"parent":0,"menu_order":0,"comment_status":"closed","ping_status":"closed","template":"","meta":{"pagelayer_contact_templates":[],"_pagelayer_content":"","rop_custom_images_group":[],"rop_custom_messages_group":[],"rop_publish_now":"initial","rop_publish_now_accounts":{"facebook_10241467750051098_944065975452991":""},"rop_publish_now_history":[],"rop_publish_now_status":"pending","footnotes":""},"class_list":["post-63","page","type-page","status-publish","hentry"],"_links":{"self":[{"href":"https:\/\/filoma.si\/wp-json\/wp\/v2\/pages\/63","targetHints":{"allow":["GET"]}}],"collection":[{"href":"https:\/\/filoma.si\/wp-json\/wp\/v2\/pages"}],"about":[{"href":"https:\/\/filoma.si\/wp-json\/wp\/v2\/types\/page"}],"author":[{"embeddable":true,"href":"https:\/\/filoma.si\/wp-json\/wp\/v2\/users\/1"}],"replies":[{"embeddable":true,"href":"https:\/\/filoma.si\/wp-json\/wp\/v2\/comments?post=63"}],"version-history":[{"count":0,"href":"https:\/\/filoma.si\/wp-json\/wp\/v2\/pages\/63\/revisions"}],"wp:attachment":[{"href":"https:\/\/filoma.si\/wp-json\/wp\/v2\/media?parent=63"}],"curies":[{"name":"wp","href":"https:\/\/api.w.org\/{rel}","templated":true}]}}